{"id":945,"date":"2026-01-02T15:04:39","date_gmt":"2026-01-02T15:04:39","guid":{"rendered":"https:\/\/ttbb.rexturbohosting.com\/?page_id=945"},"modified":"2026-01-02T15:15:37","modified_gmt":"2026-01-02T15:15:37","slug":"vergoeding-door-jouw-zorgverzekering","status":"publish","type":"page","link":"https:\/\/tsjingtsjingbaibai.nl\/pt\/vergoeding-door-jouw-zorgverzekering\/","title":{"rendered":"Reembolso pelo seu plano de sa\u00fade"},"content":{"rendered":"<div data-elementor-type=\"wp-page\" data-elementor-id=\"945\" class=\"elementor elementor-945\" data-elementor-post-type=\"page\">\n\t\t\t\t<div class=\"elementor-element elementor-element-cce9de0 e-flex e-con-boxed e-con e-parent\" data-id=\"cce9de0\" data-element_type=\"container\" data-settings=\"{&quot;background_background&quot;:&quot;classic&quot;}\">\n\t\t\t\t\t<div class=\"e-con-inner\">\n\t\t<div class=\"elementor-element elementor-element-05f608f e-con-full e-flex e-con e-child\" data-id=\"05f608f\" data-element_type=\"container\">\n\t\t\t\t<div class=\"elementor-element elementor-element-309a9a0 elementor-widget elementor-widget-image\" data-id=\"309a9a0\" data-element_type=\"widget\" data-widget_type=\"image.default\">\n\t\t\t\t\t\t\t\t\t\t\t\t\t\t\t<img fetchpriority=\"high\" decoding=\"async\" width=\"800\" height=\"534\" src=\"https:\/\/tsjingtsjingbaibai.nl\/wp-content\/uploads\/2026\/01\/rexmediabot_Typing_on_a_computer_smiling_happy_-ar_32_-sref_a0ad79c9-e983-4b50-850d-f6899562f55d_1-1024x683.png\" class=\"attachment-large size-large wp-image-947\" alt=\"\" srcset=\"https:\/\/tsjingtsjingbaibai.nl\/wp-content\/uploads\/2026\/01\/rexmediabot_Typing_on_a_computer_smiling_happy_-ar_32_-sref_a0ad79c9-e983-4b50-850d-f6899562f55d_1-1024x683.png 1024w, https:\/\/tsjingtsjingbaibai.nl\/wp-content\/uploads\/2026\/01\/rexmediabot_Typing_on_a_computer_smiling_happy_-ar_32_-sref_a0ad79c9-e983-4b50-850d-f6899562f55d_1-300x200.png 300w, https:\/\/tsjingtsjingbaibai.nl\/wp-content\/uploads\/2026\/01\/rexmediabot_Typing_on_a_computer_smiling_happy_-ar_32_-sref_a0ad79c9-e983-4b50-850d-f6899562f55d_1-768x512.png 768w, https:\/\/tsjingtsjingbaibai.nl\/wp-content\/uploads\/2026\/01\/rexmediabot_Typing_on_a_computer_smiling_happy_-ar_32_-sref_a0ad79c9-e983-4b50-850d-f6899562f55d_1-18x12.png 18w, https:\/\/tsjingtsjingbaibai.nl\/wp-content\/uploads\/2026\/01\/rexmediabot_Typing_on_a_computer_smiling_happy_-ar_32_-sref_a0ad79c9-e983-4b50-850d-f6899562f55d_1.png 1344w\" sizes=\"(max-width: 800px) 100vw, 800px\" \/>\t\t\t\t\t\t\t\t\t\t\t\t\t\t\t<\/div>\n\t\t\t\t<\/div>\n\t\t<div class=\"elementor-element elementor-element-b152b89 e-con-full e-flex e-con e-child\" data-id=\"b152b89\" data-element_type=\"container\" data-settings=\"{&quot;background_background&quot;:&quot;classic&quot;}\">\n\t\t\t\t<div class=\"elementor-element elementor-element-7bc3275 elementor-widget elementor-widget-heading\" data-id=\"7bc3275\" data-element_type=\"widget\" data-widget_type=\"heading.default\">\n\t\t\t\t\t<h1 class=\"elementor-heading-title elementor-size-default\">Reembolso pelo seu plano de sa\u00fade<\/h1>\t\t\t\t<\/div>\n\t\t\t\t<div class=\"elementor-element elementor-element-77bece6 elementor-widget elementor-widget-text-editor\" data-id=\"77bece6\" data-element_type=\"widget\" data-widget_type=\"text-editor.default\">\n\t\t\t\t\t\t\t\t\t<p class=\"p1\"><span class=\"s1\">Aqui est\u00e1 um par\u00e1grafo claro sobre o assunto. <\/span><b>Reembolso de acupuntura pelo seguro de sa\u00fade (acupunturistas da NVA)<\/b><span class=\"s1\">:<\/span><\/p><p class=\"p3\"><span class=\"s2\"><b>Nos Pa\u00edses Baixos, a acupuntura \u00e9 frequentemente (parcialmente) reembolsada por seguros de sa\u00fade suplementares, desde que o tratamento seja realizado por um acupunturista filiado \u00e0 NVA (Associa\u00e7\u00e3o Holandesa de Acupuntura).<\/b><\/span> As seguradoras de sa\u00fade reconhecem a NVA como um cadastro de qualidade, o que significa que as consultas com membros da NVA podem ser faturadas para a maioria dos planos de sa\u00fade suplementares sem necessidade de encaminhamento m\u00e9dico. O valor do reembolso varia de acordo com a seguradora e o plano: algumas reembolsam um valor fixo por dia ou por tratamento, enquanto outras cobrem um or\u00e7amento anual m\u00e1ximo. Os tratamentos s\u00e3o cobertos. <span class=\"s2\"><b>n\u00e3o<\/b><\/span> O valor \u00e9 inferior \u00e0 franquia, pois se trata de cuidados complementares. Portanto, \u00e9 prudente verificar as condi\u00e7\u00f5es da ap\u00f3lice com anteced\u00eancia para evitar surpresas.<\/p>\t\t\t\t\t\t\t\t<\/div>\n\t\t\t\t<\/div>\n\t\t\t\t\t<\/div>\n\t\t\t\t<\/div>\n\t\t\t\t<\/div>","protected":false},"excerpt":{"rendered":"<p>Vergoeding door jouw zorgverzekering\u200b Hier is een duidelijke paragraaf over vergoeding van acupunctuur door de zorgverzekering (NVA-acupuncturisten): Acupunctuur wordt in Nederland vaak (gedeeltelijk) vergoed vanuit de aanvullende zorgverzekering, mits de behandeling wordt uitgevoerd door een acupuncturist die is aangesloten bij de NVA (Nederlandse Vereniging voor Acupunctuur). Zorgverzekeraars erkennen de NVA als een kwaliteitsregister, waardoor consulten [&hellip;]<\/p>\n","protected":false},"author":3,"featured_media":0,"parent":0,"menu_order":0,"comment_status":"closed","ping_status":"closed","template":"","meta":{"footnotes":""},"class_list":["post-945","page","type-page","status-publish","hentry"],"_links":{"self":[{"href":"https:\/\/tsjingtsjingbaibai.nl\/pt\/wp-json\/wp\/v2\/pages\/945","targetHints":{"allow":["GET"]}}],"collection":[{"href":"https:\/\/tsjingtsjingbaibai.nl\/pt\/wp-json\/wp\/v2\/pages"}],"about":[{"href":"https:\/\/tsjingtsjingbaibai.nl\/pt\/wp-json\/wp\/v2\/types\/page"}],"author":[{"embeddable":true,"href":"https:\/\/tsjingtsjingbaibai.nl\/pt\/wp-json\/wp\/v2\/users\/3"}],"replies":[{"embeddable":true,"href":"https:\/\/tsjingtsjingbaibai.nl\/pt\/wp-json\/wp\/v2\/comments?post=945"}],"version-history":[{"count":7,"href":"https:\/\/tsjingtsjingbaibai.nl\/pt\/wp-json\/wp\/v2\/pages\/945\/revisions"}],"predecessor-version":[{"id":956,"href":"https:\/\/tsjingtsjingbaibai.nl\/pt\/wp-json\/wp\/v2\/pages\/945\/revisions\/956"}],"wp:attachment":[{"href":"https:\/\/tsjingtsjingbaibai.nl\/pt\/wp-json\/wp\/v2\/media?parent=945"}],"curies":[{"name":"wp","href":"https:\/\/api.w.org\/{rel}","templated":true}]}}