{"id":924,"date":"2026-01-02T14:52:06","date_gmt":"2026-01-02T14:52:06","guid":{"rendered":"https:\/\/ttbb.rexturbohosting.com\/?page_id=924"},"modified":"2026-01-02T15:00:34","modified_gmt":"2026-01-02T15:00:34","slug":"watkunjeverwachten","status":"publish","type":"page","link":"https:\/\/tsjingtsjingbaibai.nl\/pt\/watkunjeverwachten\/","title":{"rendered":"O que voc\u00ea pode esperar?"},"content":{"rendered":"<div data-elementor-type=\"wp-page\" data-elementor-id=\"924\" class=\"elementor elementor-924\" data-elementor-post-type=\"page\">\n\t\t\t\t<div class=\"elementor-element elementor-element-aa5c8bb e-flex e-con-boxed e-con e-parent\" data-id=\"aa5c8bb\" data-element_type=\"container\" data-settings=\"{&quot;background_background&quot;:&quot;classic&quot;}\">\n\t\t\t\t\t<div class=\"e-con-inner\">\n\t\t<div class=\"elementor-element elementor-element-7a7065c e-con-full e-flex e-con e-child\" data-id=\"7a7065c\" data-element_type=\"container\">\n\t\t\t\t<div class=\"elementor-element elementor-element-ed2daef elementor-widget elementor-widget-image\" data-id=\"ed2daef\" data-element_type=\"widget\" data-widget_type=\"image.default\">\n\t\t\t\t\t\t\t\t\t\t\t\t\t\t\t<img fetchpriority=\"high\" decoding=\"async\" width=\"800\" height=\"789\" src=\"https:\/\/tsjingtsjingbaibai.nl\/wp-content\/uploads\/2026\/01\/slide1.png\" class=\"attachment-large size-large wp-image-926\" alt=\"\" srcset=\"https:\/\/tsjingtsjingbaibai.nl\/wp-content\/uploads\/2026\/01\/slide1.png 876w, https:\/\/tsjingtsjingbaibai.nl\/wp-content\/uploads\/2026\/01\/slide1-300x296.png 300w, https:\/\/tsjingtsjingbaibai.nl\/wp-content\/uploads\/2026\/01\/slide1-768x757.png 768w, https:\/\/tsjingtsjingbaibai.nl\/wp-content\/uploads\/2026\/01\/slide1-12x12.png 12w\" sizes=\"(max-width: 800px) 100vw, 800px\" \/>\t\t\t\t\t\t\t\t\t\t\t\t\t\t\t<\/div>\n\t\t\t\t<\/div>\n\t\t<div class=\"elementor-element elementor-element-54cd732 e-con-full e-flex e-con e-child\" data-id=\"54cd732\" data-element_type=\"container\" data-settings=\"{&quot;background_background&quot;:&quot;classic&quot;}\">\n\t\t\t\t<div class=\"elementor-element elementor-element-0dcfe28 elementor-widget elementor-widget-heading\" data-id=\"0dcfe28\" data-element_type=\"widget\" data-widget_type=\"heading.default\">\n\t\t\t\t\t<h1 class=\"elementor-heading-title elementor-size-default\">O que voc\u00ea pode esperar?<\/h1>\t\t\t\t<\/div>\n\t\t\t\t<div class=\"elementor-element elementor-element-48d51ae elementor-widget elementor-widget-text-editor\" data-id=\"48d51ae\" data-element_type=\"widget\" data-widget_type=\"text-editor.default\">\n\t\t\t\t\t\t\t\t\t<p class=\"p1\">Reservarei um tempo extra para sua primeira consulta de acupuntura para que possamos nos conhecer. Durante essa consulta, faremos uma avalia\u00e7\u00e3o completa no meu consult\u00f3rio, durante uma caminhada ou na hora do almo\u00e7o \u2014 o que for mais conveniente para voc\u00ea. Haver\u00e1 bastante oportunidade para discutirmos sua situa\u00e7\u00e3o: seus sintomas atuais, o que voc\u00ea gostaria de mudar e o que voc\u00ea j\u00e1 tentou.<\/p><p class=\"p1\">Se desejar, pode me enviar informa\u00e7\u00f5es adicionais por e-mail com anteced\u00eancia. Assim, poderei analis\u00e1-las com calma e poderemos aprofundar as suas preocupa\u00e7\u00f5es durante a consulta inicial.<\/p><p class=\"p1\">Ap\u00f3s nossa consulta, elaborarei um plano de tratamento personalizado para voc\u00ea em um ou dois dias. Explicarei o que observo em seu padr\u00e3o de comportamento de acordo com a Medicina Tradicional Chinesa (MTC), qual abordagem \u00e9 mais adequada e a frequ\u00eancia aproximada das sess\u00f5es. Dessa forma, voc\u00ea saber\u00e1 o que esperar e poder\u00e1 participar da defini\u00e7\u00e3o dos pr\u00f3ximos passos.<\/p><p class=\"p1\">Em seguida, iniciaremos a primeira sess\u00e3o de acupuntura. Voc\u00ea se deitar\u00e1 confortavelmente na maca e eu explicarei o procedimento com calma. As agulhas permanecem no local por cerca de 30 minutos, em m\u00e9dia; muitas pessoas descrevem esse momento como uma experi\u00eancia de paz e profundo relaxamento.<\/p><p class=\"p1\">Ap\u00f3s a sess\u00e3o, voc\u00ea poder\u00e1 se levantar e ir para casa. Agendaremos uma consulta de acompanhamento com base no seu diagn\u00f3stico e plano de tratamento. Em cada sess\u00e3o, avaliaremos quaisquer altera\u00e7\u00f5es nos seus sintomas e n\u00edveis de energia para que possamos ajustar o plano de tratamento conforme necess\u00e1rio.<\/p>\t\t\t\t\t\t\t\t<\/div>\n\t\t\t\t<\/div>\n\t\t\t\t\t<\/div>\n\t\t\t\t<\/div>\n\t\t\t\t<\/div>","protected":false},"excerpt":{"rendered":"<p>Wat kun je verwachten? Voor de eerste acupunctuurafspraak maak ik extra tijd vrij, zodat we elkaar goed kunnen leren kennen. Tijdens deze afspraak doen we een uitgebreide intake in mijn praktijkruimte, tijdens een wandeling of bij een lunch, wat voor jou het prettigst is. Er is alle ruimte om jouw verhaal te bespreken: welke klachten [&hellip;]<\/p>\n","protected":false},"author":3,"featured_media":0,"parent":0,"menu_order":0,"comment_status":"closed","ping_status":"closed","template":"","meta":{"footnotes":""},"class_list":["post-924","page","type-page","status-publish","hentry"],"_links":{"self":[{"href":"https:\/\/tsjingtsjingbaibai.nl\/pt\/wp-json\/wp\/v2\/pages\/924","targetHints":{"allow":["GET"]}}],"collection":[{"href":"https:\/\/tsjingtsjingbaibai.nl\/pt\/wp-json\/wp\/v2\/pages"}],"about":[{"href":"https:\/\/tsjingtsjingbaibai.nl\/pt\/wp-json\/wp\/v2\/types\/page"}],"author":[{"embeddable":true,"href":"https:\/\/tsjingtsjingbaibai.nl\/pt\/wp-json\/wp\/v2\/users\/3"}],"replies":[{"embeddable":true,"href":"https:\/\/tsjingtsjingbaibai.nl\/pt\/wp-json\/wp\/v2\/comments?post=924"}],"version-history":[{"count":13,"href":"https:\/\/tsjingtsjingbaibai.nl\/pt\/wp-json\/wp\/v2\/pages\/924\/revisions"}],"predecessor-version":[{"id":944,"href":"https:\/\/tsjingtsjingbaibai.nl\/pt\/wp-json\/wp\/v2\/pages\/924\/revisions\/944"}],"wp:attachment":[{"href":"https:\/\/tsjingtsjingbaibai.nl\/pt\/wp-json\/wp\/v2\/media?parent=924"}],"curies":[{"name":"wp","href":"https:\/\/api.w.org\/{rel}","templated":true}]}}