{"id":361,"date":"2025-11-20T16:22:07","date_gmt":"2025-11-20T16:22:07","guid":{"rendered":"https:\/\/ttbb.rexturbohosting.com\/?page_id=361"},"modified":"2025-11-20T16:25:14","modified_gmt":"2025-11-20T16:25:14","slug":"korte-balans-check-lekker-in-je-vel","status":"publish","type":"page","link":"https:\/\/tsjingtsjingbaibai.nl\/pt\/korte-balans-check-lekker-in-je-vel\/","title":{"rendered":"Avalia\u00e7\u00e3o r\u00e1pida de equil\u00edbrio: sentir-se bem consigo mesmo"},"content":{"rendered":"<div data-elementor-type=\"wp-page\" data-elementor-id=\"361\" class=\"elementor elementor-361\" data-elementor-post-type=\"page\">\n\t\t\t\t<div class=\"elementor-element elementor-element-8319d85 e-flex e-con-boxed e-con e-parent\" data-id=\"8319d85\" data-element_type=\"container\">\n\t\t\t\t\t<div class=\"e-con-inner\">\n\t\t\t\t<div class=\"elementor-element elementor-element-928a688 elementor-widget elementor-widget-heading\" data-id=\"928a688\" data-element_type=\"widget\" data-widget_type=\"heading.default\">\n\t\t\t\t\t<h1 class=\"elementor-heading-title elementor-size-default\">Avalia\u00e7\u00e3o r\u00e1pida de equil\u00edbrio: sentir-se bem consigo mesmo<\/h1>\t\t\t\t<\/div>\n\t\t\t\t<div class=\"elementor-element elementor-element-c08dd86 elementor-widget elementor-widget-heading\" data-id=\"c08dd86\" data-element_type=\"widget\" data-widget_type=\"heading.default\">\n\t\t\t\t\t<h4 class=\"elementor-heading-title elementor-size-default\">Reinicializa\u00e7\u00e3o r\u00e1pida em 30 minutos\n<\/h4>\t\t\t\t<\/div>\n\t\t\t\t\t<\/div>\n\t\t\t\t<\/div>\n\t\t<div class=\"elementor-element elementor-element-d042a5a e-flex e-con-boxed e-con e-parent\" data-id=\"d042a5a\" data-element_type=\"container\">\n\t\t\t\t\t<div class=\"e-con-inner\">\n\t\t<div class=\"elementor-element elementor-element-aca3a18 e-con-full e-flex e-con e-child\" data-id=\"aca3a18\" data-element_type=\"container\">\n\t\t\t\t<div class=\"elementor-element elementor-element-281b7c1 elementor-widget elementor-widget-image\" data-id=\"281b7c1\" data-element_type=\"widget\" data-widget_type=\"image.default\">\n\t\t\t\t\t\t\t\t\t\t\t\t\t\t\t<img fetchpriority=\"high\" decoding=\"async\" width=\"800\" height=\"869\" src=\"https:\/\/tsjingtsjingbaibai.nl\/wp-content\/uploads\/2025\/11\/comic4-panel1-1.jpg\" class=\"attachment-large size-large wp-image-368\" alt=\"\" srcset=\"https:\/\/tsjingtsjingbaibai.nl\/wp-content\/uploads\/2025\/11\/comic4-panel1-1.jpg 913w, https:\/\/tsjingtsjingbaibai.nl\/wp-content\/uploads\/2025\/11\/comic4-panel1-1-276x300.jpg 276w, https:\/\/tsjingtsjingbaibai.nl\/wp-content\/uploads\/2025\/11\/comic4-panel1-1-768x834.jpg 768w\" sizes=\"(max-width: 800px) 100vw, 800px\" \/>\t\t\t\t\t\t\t\t\t\t\t\t\t\t\t<\/div>\n\t\t\t\t<\/div>\n\t\t<div class=\"elementor-element elementor-element-c623f6d e-con-full e-flex e-con e-child\" data-id=\"c623f6d\" data-element_type=\"container\">\n\t\t\t\t<div class=\"elementor-element elementor-element-084a38f elementor-widget elementor-widget-image\" data-id=\"084a38f\" data-element_type=\"widget\" data-widget_type=\"image.default\">\n\t\t\t\t\t\t\t\t\t\t\t\t\t\t\t<img decoding=\"async\" width=\"800\" height=\"595\" src=\"https:\/\/tsjingtsjingbaibai.nl\/wp-content\/uploads\/2025\/11\/comic4-panel2.jpg\" class=\"attachment-large size-large wp-image-364\" alt=\"\" srcset=\"https:\/\/tsjingtsjingbaibai.nl\/wp-content\/uploads\/2025\/11\/comic4-panel2.jpg 1024w, https:\/\/tsjingtsjingbaibai.nl\/wp-content\/uploads\/2025\/11\/comic4-panel2-300x223.jpg 300w, https:\/\/tsjingtsjingbaibai.nl\/wp-content\/uploads\/2025\/11\/comic4-panel2-768x571.jpg 768w\" sizes=\"(max-width: 800px) 100vw, 800px\" \/>\t\t\t\t\t\t\t\t\t\t\t\t\t\t\t<\/div>\n\t\t\t\t<\/div>\n\t\t\t\t\t<\/div>\n\t\t\t\t<\/div>\n\t\t<div class=\"elementor-element elementor-element-56a164d e-flex e-con-boxed e-con e-parent\" data-id=\"56a164d\" data-element_type=\"container\">\n\t\t\t\t\t<div class=\"e-con-inner\">\n\t\t<div class=\"elementor-element elementor-element-dc77061 e-con-full e-flex e-con e-child\" data-id=\"dc77061\" data-element_type=\"container\">\n\t\t\t\t<div class=\"elementor-element elementor-element-1c7d4b9 elementor-widget elementor-widget-image\" data-id=\"1c7d4b9\" data-element_type=\"widget\" data-widget_type=\"image.default\">\n\t\t\t\t\t\t\t\t\t\t\t\t\t\t\t<img decoding=\"async\" width=\"800\" height=\"595\" src=\"https:\/\/tsjingtsjingbaibai.nl\/wp-content\/uploads\/2025\/11\/comic4-panel3.jpg\" class=\"attachment-large size-large wp-image-365\" alt=\"\" srcset=\"https:\/\/tsjingtsjingbaibai.nl\/wp-content\/uploads\/2025\/11\/comic4-panel3.jpg 1024w, https:\/\/tsjingtsjingbaibai.nl\/wp-content\/uploads\/2025\/11\/comic4-panel3-300x223.jpg 300w, https:\/\/tsjingtsjingbaibai.nl\/wp-content\/uploads\/2025\/11\/comic4-panel3-768x571.jpg 768w\" sizes=\"(max-width: 800px) 100vw, 800px\" \/>\t\t\t\t\t\t\t\t\t\t\t\t\t\t\t<\/div>\n\t\t\t\t<\/div>\n\t\t<div class=\"elementor-element elementor-element-76e6ada e-con-full e-flex e-con e-child\" data-id=\"76e6ada\" data-element_type=\"container\">\n\t\t\t\t<div class=\"elementor-element elementor-element-1fd5b92 elementor-widget elementor-widget-image\" data-id=\"1fd5b92\" data-element_type=\"widget\" data-widget_type=\"image.default\">\n\t\t\t\t\t\t\t\t\t\t\t\t\t\t\t<img loading=\"lazy\" decoding=\"async\" width=\"800\" height=\"869\" src=\"https:\/\/tsjingtsjingbaibai.nl\/wp-content\/uploads\/2025\/11\/comic4-panel4-1.jpg\" class=\"attachment-large size-large wp-image-369\" alt=\"\" srcset=\"https:\/\/tsjingtsjingbaibai.nl\/wp-content\/uploads\/2025\/11\/comic4-panel4-1.jpg 913w, https:\/\/tsjingtsjingbaibai.nl\/wp-content\/uploads\/2025\/11\/comic4-panel4-1-276x300.jpg 276w, https:\/\/tsjingtsjingbaibai.nl\/wp-content\/uploads\/2025\/11\/comic4-panel4-1-768x834.jpg 768w\" sizes=\"(max-width: 800px) 100vw, 800px\" \/>\t\t\t\t\t\t\t\t\t\t\t\t\t\t\t<\/div>\n\t\t\t\t<\/div>\n\t\t\t\t\t<\/div>\n\t\t\t\t<\/div>\n\t\t\t\t<\/div>","protected":false},"excerpt":{"rendered":"<p>Korte balans-check: lekker in je vel Snel resetten in 30 minuten<\/p>","protected":false},"author":1,"featured_media":0,"parent":0,"menu_order":0,"comment_status":"closed","ping_status":"closed","template":"","meta":{"footnotes":""},"class_list":["post-361","page","type-page","status-publish","hentry"],"_links":{"self":[{"href":"https:\/\/tsjingtsjingbaibai.nl\/pt\/wp-json\/wp\/v2\/pages\/361","targetHints":{"allow":["GET"]}}],"collection":[{"href":"https:\/\/tsjingtsjingbaibai.nl\/pt\/wp-json\/wp\/v2\/pages"}],"about":[{"href":"https:\/\/tsjingtsjingbaibai.nl\/pt\/wp-json\/wp\/v2\/types\/page"}],"author":[{"embeddable":true,"href":"https:\/\/tsjingtsjingbaibai.nl\/pt\/wp-json\/wp\/v2\/users\/1"}],"replies":[{"embeddable":true,"href":"https:\/\/tsjingtsjingbaibai.nl\/pt\/wp-json\/wp\/v2\/comments?post=361"}],"version-history":[{"count":4,"href":"https:\/\/tsjingtsjingbaibai.nl\/pt\/wp-json\/wp\/v2\/pages\/361\/revisions"}],"predecessor-version":[{"id":372,"href":"https:\/\/tsjingtsjingbaibai.nl\/pt\/wp-json\/wp\/v2\/pages\/361\/revisions\/372"}],"wp:attachment":[{"href":"https:\/\/tsjingtsjingbaibai.nl\/pt\/wp-json\/wp\/v2\/media?parent=361"}],"curies":[{"name":"wp","href":"https:\/\/api.w.org\/{rel}","templated":true}]}}