{"id":116,"date":"2025-11-17T11:07:15","date_gmt":"2025-11-17T11:07:15","guid":{"rendered":"https:\/\/ttbb.rexturbohosting.com\/?page_id=116"},"modified":"2026-01-02T12:49:12","modified_gmt":"2026-01-02T12:49:12","slug":"over-mij","status":"publish","type":"page","link":"https:\/\/tsjingtsjingbaibai.nl\/pt\/over-mij\/","title":{"rendered":"Sobre mim"},"content":{"rendered":"<div data-elementor-type=\"wp-page\" data-elementor-id=\"116\" class=\"elementor elementor-116\" data-elementor-post-type=\"page\">\n\t\t\t\t<div class=\"elementor-element elementor-element-19bdef4 e-flex e-con-boxed e-con e-parent\" data-id=\"19bdef4\" data-element_type=\"container\" data-settings=\"{&quot;background_background&quot;:&quot;classic&quot;}\">\n\t\t\t\t\t<div class=\"e-con-inner\">\n\t\t<div class=\"elementor-element elementor-element-4f1d4c1 e-con-full e-flex e-con e-child\" data-id=\"4f1d4c1\" data-element_type=\"container\">\n\t\t\t\t<div class=\"elementor-element elementor-element-8619363 elementor-widget elementor-widget-image\" data-id=\"8619363\" data-element_type=\"widget\" data-widget_type=\"image.default\">\n\t\t\t\t\t\t\t\t\t\t\t\t\t\t\t<img fetchpriority=\"high\" decoding=\"async\" width=\"800\" height=\"871\" src=\"https:\/\/tsjingtsjingbaibai.nl\/wp-content\/uploads\/2025\/12\/Jildert_dockter_jas.jpg\" class=\"attachment-large size-large wp-image-803\" alt=\"\" srcset=\"https:\/\/tsjingtsjingbaibai.nl\/wp-content\/uploads\/2025\/12\/Jildert_dockter_jas.jpg 940w, https:\/\/tsjingtsjingbaibai.nl\/wp-content\/uploads\/2025\/12\/Jildert_dockter_jas-276x300.jpg 276w, https:\/\/tsjingtsjingbaibai.nl\/wp-content\/uploads\/2025\/12\/Jildert_dockter_jas-768x836.jpg 768w, https:\/\/tsjingtsjingbaibai.nl\/wp-content\/uploads\/2025\/12\/Jildert_dockter_jas-11x12.jpg 11w\" sizes=\"(max-width: 800px) 100vw, 800px\" \/>\t\t\t\t\t\t\t\t\t\t\t\t\t\t\t<\/div>\n\t\t\t\t<\/div>\n\t\t<div class=\"elementor-element elementor-element-0bfb534 e-con-full e-flex e-con e-child\" data-id=\"0bfb534\" data-element_type=\"container\" data-settings=\"{&quot;background_background&quot;:&quot;classic&quot;}\">\n\t\t\t\t<div class=\"elementor-element elementor-element-5cf993f elementor-widget elementor-widget-heading\" data-id=\"5cf993f\" data-element_type=\"widget\" data-widget_type=\"heading.default\">\n\t\t\t\t\t<h1 class=\"elementor-heading-title elementor-size-default\">Conhe\u00e7a Jildert, acupunturista.<\/h1>\t\t\t\t<\/div>\n\t\t\t\t<div class=\"elementor-element elementor-element-978c65e elementor-widget elementor-widget-text-editor\" data-id=\"978c65e\" data-element_type=\"widget\" data-widget_type=\"text-editor.default\">\n\t\t\t\t\t\t\t\t\t<p class=\"p1\">Sou Jildert, acupunturista por convic\u00e7\u00e3o e experi\u00eancia. Meu trabalho se baseia em aten\u00e7\u00e3o, precis\u00e3o e acolhimento. Vou al\u00e9m da sua queixa espec\u00edfica e explico com clareza o que seu corpo precisa. Tudo isso acontece em um ambiente tranquilo, com orienta\u00e7\u00e3o especializada. Meus clientes costumam me descrever como uma pessoa amig\u00e1vel e acess\u00edvel, algu\u00e9m que caminha ao lado deles em sua jornada rumo \u00e0 recupera\u00e7\u00e3o e a uma maior vitalidade.<\/p><p class=\"p1\">Eu mesma tenho uma forma leve de autismo. Isso significa, entre outras coisas, que sou sens\u00edvel a est\u00edmulos, mas tamb\u00e9m que trabalho de forma estruturada, escuto com aten\u00e7\u00e3o e observo atentamente. Na pr\u00e1tica, isso me ajuda a prestar muita aten\u00e7\u00e3o ao que seu corpo e sistema nervoso est\u00e3o demonstrando.<\/p><p class=\"p1\">Conclu\u00ed minha forma\u00e7\u00e3o de quatro anos na Academia de Medicina Chinesa Qing-Bai em Amersfoort e Breda, onde me aprofundei nos princ\u00edpios cl\u00e1ssicos da medicina chinesa. Tamb\u00e9m obtive meu diploma em Fundamentos da Medicina Ocidental, o que me proporcionou uma base s\u00f3lida em dois mundos: a sabedoria ancestral e os conhecimentos m\u00e9dicos modernos.<\/p><p class=\"p1\">H\u00e1 alguns anos, sofri bullying de um colega de trabalho. Inicialmente, consegui extravasar minhas frustra\u00e7\u00f5es como triatleta, at\u00e9 que sofri uma insola\u00e7\u00e3o durante um treino nos Alpes. Esse momento, somado ao meu treinamento intenso, resultou em uma les\u00e3o e em problemas de sa\u00fade f\u00edsica e mental a longo prazo. Por fim, precisei deixar meu emprego como consultor de TI. Nos anos seguintes, descobri gradualmente o valor de uma vis\u00e3o ampla e hol\u00edstica da sa\u00fade.<\/p><p class=\"p1\">O ponto de virada aconteceu quando comecei a consultar um acupunturista. L\u00e1, experimentei pela primeira vez uma profunda ilumina\u00e7\u00e3o: espa\u00e7o no meu corpo, relaxamento na minha mente e uma clara sensa\u00e7\u00e3o de recupera\u00e7\u00e3o e progresso.<\/p><p class=\"p1\">A partir daquele momento, eu soube: essa profiss\u00e3o era a certa para mim. Comecei a me formar como acupunturista para entender como funciona e compartilhar esse poder com os outros. A acupuntura atua em algo fundamental no corpo; ela ativa processos de cura que v\u00e3o al\u00e9m do que voc\u00ea pode compreender apenas com a mente. Voc\u00ea percebe a diferen\u00e7a em como dorme, se move, pensa e encara o seu dia a dia.<\/p><p class=\"p1\">Para mim, a acupuntura \u00e9 uma jornada cont\u00ednua de descoberta, aprofundamento e pr\u00e1tica. Continuo a me aprimorar e a aprender com workshops e outros especialistas, o que me permite refinar constantemente meus tratamentos.<\/p><p class=\"p1\">Com esse conhecimento e minha pr\u00f3pria experi\u00eancia com sobrecarga, doen\u00e7as e recupera\u00e7\u00e3o, terei prazer em apoi\u00e1-lo(a). Com cuidado e empatia, caminharei ao seu lado para que voc\u00ea possa, gradualmente, se aproximar da recupera\u00e7\u00e3o, da resili\u00eancia e de uma maior sensa\u00e7\u00e3o de liberdade dentro do seu pr\u00f3prio corpo.<\/p>\t\t\t\t\t\t\t\t<\/div>\n\t\t\t\t<\/div>\n\t\t\t\t\t<\/div>\n\t\t\t\t<\/div>\n\t\t\t\t<\/div>","protected":false},"excerpt":{"rendered":"<p>Maak kennis met Jildert, acupuncturist Ik ben Jildert, acupuncturist uit overtuiging \u00e9n ervaring. In mijn werk staan aandacht, precisie en een warm hart centraal. Ik kijk verder dan alleen je klacht en leg in duidelijke taal uit wat je lichaam nodig heeft. Dat gebeurt in alle rust en met deskundige begeleiding. Cli\u00ebnten omschrijven mij vaak [&hellip;]<\/p>\n","protected":false},"author":1,"featured_media":0,"parent":0,"menu_order":0,"comment_status":"closed","ping_status":"closed","template":"","meta":{"footnotes":""},"class_list":["post-116","page","type-page","status-publish","hentry"],"_links":{"self":[{"href":"https:\/\/tsjingtsjingbaibai.nl\/pt\/wp-json\/wp\/v2\/pages\/116","targetHints":{"allow":["GET"]}}],"collection":[{"href":"https:\/\/tsjingtsjingbaibai.nl\/pt\/wp-json\/wp\/v2\/pages"}],"about":[{"href":"https:\/\/tsjingtsjingbaibai.nl\/pt\/wp-json\/wp\/v2\/types\/page"}],"author":[{"embeddable":true,"href":"https:\/\/tsjingtsjingbaibai.nl\/pt\/wp-json\/wp\/v2\/users\/1"}],"replies":[{"embeddable":true,"href":"https:\/\/tsjingtsjingbaibai.nl\/pt\/wp-json\/wp\/v2\/comments?post=116"}],"version-history":[{"count":37,"href":"https:\/\/tsjingtsjingbaibai.nl\/pt\/wp-json\/wp\/v2\/pages\/116\/revisions"}],"predecessor-version":[{"id":916,"href":"https:\/\/tsjingtsjingbaibai.nl\/pt\/wp-json\/wp\/v2\/pages\/116\/revisions\/916"}],"wp:attachment":[{"href":"https:\/\/tsjingtsjingbaibai.nl\/pt\/wp-json\/wp\/v2\/media?parent=116"}],"curies":[{"name":"wp","href":"https:\/\/api.w.org\/{rel}","templated":true}]}}